{"id":3601,"date":"2026-02-10T16:27:20","date_gmt":"2026-02-10T13:27:20","guid":{"rendered":"https:\/\/lancieuxtourisme.fr\/fr\/contact\/"},"modified":"2026-02-10T16:27:20","modified_gmt":"2026-02-10T13:27:20","slug":"contact","status":"publish","type":"page","link":"https:\/\/lancieuxtourisme.fr\/fr\/contact\/","title":{"rendered":"Contactez-nous"},"content":{"rendered":"\n<h1 class=\"wp-block-heading\">Contactez-nous<\/h1>\n\n\n\n<p>Tu as une question sur Lancieux, besoin d&rsquo;un renseignement pour organiser ton s\u00e9jour ou simplement envie de partager ton exp\u00e9rience ? N&rsquo;h\u00e9site pas \u00e0 nous \u00e9crire. Notre \u00e9quipe te r\u00e9pondra dans les meilleurs d\u00e9lais pour t&rsquo;aider \u00e0 pr\u00e9parer ta prochaine escapade sur la C\u00f4te d&rsquo;\u00c9meraude.<\/p>\n\n\n\n<p>Tu peux \u00e9galement nous retrouver sur les r\u00e9seaux sociaux pour suivre l&rsquo;actualit\u00e9 de Lancieux, d\u00e9couvrir nos coups de c\u0153ur et partager tes plus belles photos du village. Lancieux Tourisme, c&rsquo;est avant tout une communaut\u00e9 de passionn\u00e9s.<\/p>\n\n\n\n<h2 class=\"wp-block-heading\">Formulaire de contact<\/h2>\n\n\n\n<form method=\"post\" style=\"max-width:600px;margin:0 auto;\">\n  <p>\n    <label for=\"nom\" style=\"display:block;font-weight:bold;margin-bottom:5px;\">Nom<\/label>\n    <input type=\"text\" id=\"nom\" name=\"nom\" placeholder=\"Votre nom complet\" required style=\"width:100%;padding:10px;border:1px solid #ccc;border-radius:4px;font-size:16px;\">\n  <\/p>\n  <p>\n    <label for=\"email\" style=\"display:block;font-weight:bold;margin-bottom:5px;\">Email<\/label>\n    <input type=\"email\" id=\"email\" name=\"email\" placeholder=\"votre@email.com\" required style=\"width:100%;padding:10px;border:1px solid #ccc;border-radius:4px;font-size:16px;\">\n  <\/p>\n  <p>\n    <label for=\"sujet\" style=\"display:block;font-weight:bold;margin-bottom:5px;\">Sujet<\/label>\n    <input type=\"text\" id=\"sujet\" name=\"sujet\" placeholder=\"L'objet de votre message\" required style=\"width:100%;padding:10px;border:1px solid #ccc;border-radius:4px;font-size:16px;\">\n  <\/p>\n  <p>\n    <label for=\"message\" style=\"display:block;font-weight:bold;margin-bottom:5px;\">Message<\/label>\n    <textarea id=\"message\" name=\"message\" rows=\"6\" placeholder=\"\u00c9crivez votre message ici...\" required style=\"width:100%;padding:10px;border:1px solid #ccc;border-radius:4px;font-size:16px;\"><\/textarea>\n  <\/p>\n  <p>\n    <button type=\"submit\" style=\"background-color:#0073aa;color:white;padding:12px 30px;border:none;border-radius:4px;font-size:16px;cursor:pointer;\">Envoyer le message<\/button>\n  <\/p>\n<\/form>\n","protected":false},"excerpt":{"rendered":"<p>Contactez-nous Tu as une question sur Lancieux, besoin d&rsquo;un renseignement pour organiser ton s\u00e9jour ou simplement envie de partager ton exp\u00e9rience ? N&rsquo;h\u00e9site pas \u00e0 nous \u00e9crire. Notre \u00e9quipe te r\u00e9pondra dans les meilleurs d\u00e9lais pour t&rsquo;aider \u00e0 pr\u00e9parer ta prochaine escapade sur la C\u00f4te d&rsquo;\u00c9meraude. Tu peux \u00e9galement nous retrouver sur les r\u00e9seaux sociaux [&hellip;]<\/p>\n","protected":false},"author":1,"featured_media":0,"parent":0,"menu_order":0,"comment_status":"closed","ping_status":"closed","template":"","meta":{"_acf_changed":false,"footnotes":""},"class_list":["post-3601","page","type-page","status-publish","hentry"],"blocksy_meta":[],"acf":[],"yoast_head":"<!-- This site is optimized with the Yoast SEO plugin v24.5 - https:\/\/yoast.com\/wordpress\/plugins\/seo\/ -->\n<title>Contactez-nous - Lancieux Tourisme<\/title>\n<meta name=\"robots\" content=\"index, follow, max-snippet:-1, max-image-preview:large, max-video-preview:-1\" \/>\n<link rel=\"canonical\" href=\"https:\/\/lancieuxtourisme.fr\/fr\/contact\/\" \/>\n<meta property=\"og:locale\" content=\"fr_FR\" \/>\n<meta property=\"og:type\" content=\"article\" \/>\n<meta property=\"og:title\" content=\"Contactez-nous - Lancieux Tourisme\" \/>\n<meta property=\"og:description\" content=\"Contactez-nous Tu as une question sur Lancieux, besoin d&rsquo;un renseignement pour organiser ton s\u00e9jour ou simplement envie de partager ton exp\u00e9rience ? N&rsquo;h\u00e9site pas \u00e0 nous \u00e9crire. Notre \u00e9quipe te r\u00e9pondra dans les meilleurs d\u00e9lais pour t&rsquo;aider \u00e0 pr\u00e9parer ta prochaine escapade sur la C\u00f4te d&rsquo;\u00c9meraude. Tu peux \u00e9galement nous retrouver sur les r\u00e9seaux sociaux [&hellip;]\" \/>\n<meta property=\"og:url\" content=\"https:\/\/lancieuxtourisme.fr\/fr\/contact\/\" \/>\n<meta property=\"og:site_name\" content=\"Lancieux Tourisme\" \/>\n<meta name=\"twitter:card\" content=\"summary_large_image\" \/>\n<meta name=\"twitter:label1\" content=\"Dur\u00e9e de lecture estim\u00e9e\" \/>\n\t<meta name=\"twitter:data1\" content=\"1 minute\" \/>\n<script type=\"application\/ld+json\" class=\"yoast-schema-graph\">{\"@context\":\"https:\/\/schema.org\",\"@graph\":[{\"@type\":\"WebPage\",\"@id\":\"https:\/\/lancieuxtourisme.fr\/contact\/\",\"url\":\"https:\/\/lancieuxtourisme.fr\/contact\/\",\"name\":\"Contactez-nous - Lancieux Tourisme\",\"isPartOf\":{\"@id\":\"https:\/\/lancieuxtourisme.fr\/fr\/#website\"},\"datePublished\":\"2026-02-10T13:27:20+00:00\",\"breadcrumb\":{\"@id\":\"https:\/\/lancieuxtourisme.fr\/contact\/#breadcrumb\"},\"inLanguage\":\"fr-FR\",\"potentialAction\":[{\"@type\":\"ReadAction\",\"target\":[\"https:\/\/lancieuxtourisme.fr\/contact\/\"]}]},{\"@type\":\"BreadcrumbList\",\"@id\":\"https:\/\/lancieuxtourisme.fr\/contact\/#breadcrumb\",\"itemListElement\":[{\"@type\":\"ListItem\",\"position\":1,\"name\":\"Accueil\",\"item\":\"https:\/\/lancieuxtourisme.fr\/fr\/\"},{\"@type\":\"ListItem\",\"position\":2,\"name\":\"Contactez-nous\"}]},{\"@type\":\"WebSite\",\"@id\":\"https:\/\/lancieuxtourisme.fr\/fr\/#website\",\"url\":\"https:\/\/lancieuxtourisme.fr\/fr\/\",\"name\":\"Lancieux Tourisme\",\"description\":\"Votre guide touristique de la C\u00f4te d&#039;\u00c9meraude\",\"potentialAction\":[{\"@type\":\"SearchAction\",\"target\":{\"@type\":\"EntryPoint\",\"urlTemplate\":\"https:\/\/lancieuxtourisme.fr\/fr\/?s={search_term_string}\"},\"query-input\":{\"@type\":\"PropertyValueSpecification\",\"valueRequired\":true,\"valueName\":\"search_term_string\"}}],\"inLanguage\":\"fr-FR\"}]}<\/script>\n<!-- \/ Yoast SEO plugin. -->","yoast_head_json":{"title":"Contactez-nous - Lancieux Tourisme","robots":{"index":"index","follow":"follow","max-snippet":"max-snippet:-1","max-image-preview":"max-image-preview:large","max-video-preview":"max-video-preview:-1"},"canonical":"https:\/\/lancieuxtourisme.fr\/fr\/contact\/","og_locale":"fr_FR","og_type":"article","og_title":"Contactez-nous - Lancieux Tourisme","og_description":"Contactez-nous Tu as une question sur Lancieux, besoin d&rsquo;un renseignement pour organiser ton s\u00e9jour ou simplement envie de partager ton exp\u00e9rience ? N&rsquo;h\u00e9site pas \u00e0 nous \u00e9crire. Notre \u00e9quipe te r\u00e9pondra dans les meilleurs d\u00e9lais pour t&rsquo;aider \u00e0 pr\u00e9parer ta prochaine escapade sur la C\u00f4te d&rsquo;\u00c9meraude. Tu peux \u00e9galement nous retrouver sur les r\u00e9seaux sociaux [&hellip;]","og_url":"https:\/\/lancieuxtourisme.fr\/fr\/contact\/","og_site_name":"Lancieux Tourisme","twitter_card":"summary_large_image","twitter_misc":{"Dur\u00e9e de lecture estim\u00e9e":"1 minute"},"schema":{"@context":"https:\/\/schema.org","@graph":[{"@type":"WebPage","@id":"https:\/\/lancieuxtourisme.fr\/contact\/","url":"https:\/\/lancieuxtourisme.fr\/contact\/","name":"Contactez-nous - Lancieux Tourisme","isPartOf":{"@id":"https:\/\/lancieuxtourisme.fr\/fr\/#website"},"datePublished":"2026-02-10T13:27:20+00:00","breadcrumb":{"@id":"https:\/\/lancieuxtourisme.fr\/contact\/#breadcrumb"},"inLanguage":"fr-FR","potentialAction":[{"@type":"ReadAction","target":["https:\/\/lancieuxtourisme.fr\/contact\/"]}]},{"@type":"BreadcrumbList","@id":"https:\/\/lancieuxtourisme.fr\/contact\/#breadcrumb","itemListElement":[{"@type":"ListItem","position":1,"name":"Accueil","item":"https:\/\/lancieuxtourisme.fr\/fr\/"},{"@type":"ListItem","position":2,"name":"Contactez-nous"}]},{"@type":"WebSite","@id":"https:\/\/lancieuxtourisme.fr\/fr\/#website","url":"https:\/\/lancieuxtourisme.fr\/fr\/","name":"Lancieux Tourisme","description":"Votre guide touristique de la C\u00f4te d&#039;\u00c9meraude","potentialAction":[{"@type":"SearchAction","target":{"@type":"EntryPoint","urlTemplate":"https:\/\/lancieuxtourisme.fr\/fr\/?s={search_term_string}"},"query-input":{"@type":"PropertyValueSpecification","valueRequired":true,"valueName":"search_term_string"}}],"inLanguage":"fr-FR"}]}},"_links":{"self":[{"href":"https:\/\/lancieuxtourisme.fr\/fr\/wp-json\/wp\/v2\/pages\/3601","targetHints":{"allow":["GET"]}}],"collection":[{"href":"https:\/\/lancieuxtourisme.fr\/fr\/wp-json\/wp\/v2\/pages"}],"about":[{"href":"https:\/\/lancieuxtourisme.fr\/fr\/wp-json\/wp\/v2\/types\/page"}],"author":[{"embeddable":true,"href":"https:\/\/lancieuxtourisme.fr\/fr\/wp-json\/wp\/v2\/users\/1"}],"replies":[{"embeddable":true,"href":"https:\/\/lancieuxtourisme.fr\/fr\/wp-json\/wp\/v2\/comments?post=3601"}],"version-history":[{"count":0,"href":"https:\/\/lancieuxtourisme.fr\/fr\/wp-json\/wp\/v2\/pages\/3601\/revisions"}],"wp:attachment":[{"href":"https:\/\/lancieuxtourisme.fr\/fr\/wp-json\/wp\/v2\/media?parent=3601"}],"curies":[{"name":"wp","href":"https:\/\/api.w.org\/{rel}","templated":true}]}}