{"id":3602,"date":"2026-02-10T16:27:40","date_gmt":"2026-02-10T13:27:40","guid":{"rendered":"https:\/\/lancieuxtourisme.fr\/fr\/mentions-legales\/"},"modified":"2026-02-10T16:27:40","modified_gmt":"2026-02-10T13:27:40","slug":"mentions-legales","status":"publish","type":"page","link":"https:\/\/lancieuxtourisme.fr\/fr\/mentions-legales\/","title":{"rendered":"Mentions l\u00e9gales"},"content":{"rendered":"\n<h1 class=\"wp-block-heading\">Mentions l\u00e9gales<\/h1>\n\n\n\n<h2 class=\"wp-block-heading\">\u00c9diteur du site<\/h2>\n\n\n\n<p>Le site <strong>lancieuxtourisme.fr<\/strong> est \u00e9dit\u00e9 par Lancieux Tourisme.<br>Adresse : Lancieux, 22770, C\u00f4tes-d&rsquo;Armor, France<br>Email : contact@lancieuxtourisme.fr<\/p>\n\n\n\n<h2 class=\"wp-block-heading\">H\u00e9bergement<\/h2>\n\n\n\n<p>Le site est h\u00e9berg\u00e9 par la soci\u00e9t\u00e9 en charge de l&rsquo;h\u00e9bergement web du site lancieuxtourisme.fr.<\/p>\n\n\n\n<h2 class=\"wp-block-heading\">Propri\u00e9t\u00e9 intellectuelle<\/h2>\n\n\n\n<p>L&rsquo;ensemble du contenu de ce site (textes, images, vid\u00e9os, logos, ic\u00f4nes, sons, logiciels, etc.) est prot\u00e9g\u00e9 par le droit d&rsquo;auteur et le droit de la propri\u00e9t\u00e9 intellectuelle. Toute reproduction, repr\u00e9sentation, modification, publication, adaptation de tout ou partie des \u00e9l\u00e9ments du site est interdite sans autorisation \u00e9crite pr\u00e9alable.<\/p>\n\n\n\n<h2 class=\"wp-block-heading\">Limitation de responsabilit\u00e9<\/h2>\n\n\n\n<p>Les informations contenues sur ce site sont aussi pr\u00e9cises que possible et le site est p\u00e9riodiquement remis \u00e0 jour, mais peut toutefois contenir des inexactitudes, des omissions ou des lacunes. Lancieux Tourisme ne pourra \u00eatre tenu responsable des dommages directs ou indirects r\u00e9sultant de l&rsquo;acc\u00e8s ou de l&rsquo;utilisation du site.<\/p>\n\n\n\n<h2 class=\"wp-block-heading\">Liens hypertextes<\/h2>\n\n\n\n<p>Le site peut contenir des liens vers d&rsquo;autres sites internet. Lancieux Tourisme ne dispose d&rsquo;aucun moyen de contr\u00f4le sur ces sites et n&rsquo;assume aucune responsabilit\u00e9 quant \u00e0 leur contenu.<\/p>\n\n\n\n<h2 class=\"wp-block-heading\">Droit applicable<\/h2>\n\n\n\n<p>Les pr\u00e9sentes mentions l\u00e9gales sont r\u00e9gies par le droit fran\u00e7ais. En cas de litige, les tribunaux fran\u00e7ais seront seuls comp\u00e9tents.<\/p>\n","protected":false},"excerpt":{"rendered":"<p>Mentions l\u00e9gales \u00c9diteur du site Le site lancieuxtourisme.fr est \u00e9dit\u00e9 par Lancieux Tourisme.Adresse : Lancieux, 22770, C\u00f4tes-d&rsquo;Armor, FranceEmail : contact@lancieuxtourisme.fr H\u00e9bergement Le site est h\u00e9berg\u00e9 par la soci\u00e9t\u00e9 en charge de l&rsquo;h\u00e9bergement web du site lancieuxtourisme.fr. Propri\u00e9t\u00e9 intellectuelle L&rsquo;ensemble du contenu de ce site (textes, images, vid\u00e9os, logos, ic\u00f4nes, sons, logiciels, etc.) est prot\u00e9g\u00e9 par [&hellip;]<\/p>\n","protected":false},"author":1,"featured_media":0,"parent":0,"menu_order":0,"comment_status":"closed","ping_status":"closed","template":"","meta":{"_acf_changed":false,"footnotes":""},"class_list":["post-3602","page","type-page","status-publish","hentry"],"blocksy_meta":[],"acf":[],"yoast_head":"<!-- This site is optimized with the Yoast SEO plugin v24.5 - https:\/\/yoast.com\/wordpress\/plugins\/seo\/ -->\n<title>Mentions l\u00e9gales - Lancieux Tourisme<\/title>\n<meta name=\"robots\" content=\"index, follow, max-snippet:-1, max-image-preview:large, max-video-preview:-1\" \/>\n<link rel=\"canonical\" href=\"https:\/\/lancieuxtourisme.fr\/fr\/mentions-legales\/\" \/>\n<meta property=\"og:locale\" content=\"fr_FR\" \/>\n<meta property=\"og:type\" content=\"article\" \/>\n<meta property=\"og:title\" content=\"Mentions l\u00e9gales - Lancieux Tourisme\" \/>\n<meta property=\"og:description\" content=\"Mentions l\u00e9gales \u00c9diteur du site Le site lancieuxtourisme.fr est \u00e9dit\u00e9 par Lancieux Tourisme.Adresse : Lancieux, 22770, C\u00f4tes-d&rsquo;Armor, FranceEmail : contact@lancieuxtourisme.fr H\u00e9bergement Le site est h\u00e9berg\u00e9 par la soci\u00e9t\u00e9 en charge de l&rsquo;h\u00e9bergement web du site lancieuxtourisme.fr. Propri\u00e9t\u00e9 intellectuelle L&rsquo;ensemble du contenu de ce site (textes, images, vid\u00e9os, logos, ic\u00f4nes, sons, logiciels, etc.) est prot\u00e9g\u00e9 par [&hellip;]\" \/>\n<meta property=\"og:url\" content=\"https:\/\/lancieuxtourisme.fr\/fr\/mentions-legales\/\" \/>\n<meta property=\"og:site_name\" content=\"Lancieux Tourisme\" \/>\n<meta name=\"twitter:card\" content=\"summary_large_image\" \/>\n<meta name=\"twitter:label1\" content=\"Dur\u00e9e de lecture estim\u00e9e\" \/>\n\t<meta name=\"twitter:data1\" content=\"1 minute\" \/>\n<script type=\"application\/ld+json\" class=\"yoast-schema-graph\">{\"@context\":\"https:\/\/schema.org\",\"@graph\":[{\"@type\":\"WebPage\",\"@id\":\"https:\/\/lancieuxtourisme.fr\/mentions-legales\/\",\"url\":\"https:\/\/lancieuxtourisme.fr\/mentions-legales\/\",\"name\":\"Mentions l\u00e9gales - Lancieux Tourisme\",\"isPartOf\":{\"@id\":\"https:\/\/lancieuxtourisme.fr\/fr\/#website\"},\"datePublished\":\"2026-02-10T13:27:40+00:00\",\"breadcrumb\":{\"@id\":\"https:\/\/lancieuxtourisme.fr\/mentions-legales\/#breadcrumb\"},\"inLanguage\":\"fr-FR\",\"potentialAction\":[{\"@type\":\"ReadAction\",\"target\":[\"https:\/\/lancieuxtourisme.fr\/mentions-legales\/\"]}]},{\"@type\":\"BreadcrumbList\",\"@id\":\"https:\/\/lancieuxtourisme.fr\/mentions-legales\/#breadcrumb\",\"itemListElement\":[{\"@type\":\"ListItem\",\"position\":1,\"name\":\"Accueil\",\"item\":\"https:\/\/lancieuxtourisme.fr\/fr\/\"},{\"@type\":\"ListItem\",\"position\":2,\"name\":\"Mentions l\u00e9gales\"}]},{\"@type\":\"WebSite\",\"@id\":\"https:\/\/lancieuxtourisme.fr\/fr\/#website\",\"url\":\"https:\/\/lancieuxtourisme.fr\/fr\/\",\"name\":\"Lancieux Tourisme\",\"description\":\"Votre guide touristique de la C\u00f4te d&#039;\u00c9meraude\",\"potentialAction\":[{\"@type\":\"SearchAction\",\"target\":{\"@type\":\"EntryPoint\",\"urlTemplate\":\"https:\/\/lancieuxtourisme.fr\/fr\/?s={search_term_string}\"},\"query-input\":{\"@type\":\"PropertyValueSpecification\",\"valueRequired\":true,\"valueName\":\"search_term_string\"}}],\"inLanguage\":\"fr-FR\"}]}<\/script>\n<!-- \/ Yoast SEO plugin. -->","yoast_head_json":{"title":"Mentions l\u00e9gales - Lancieux Tourisme","robots":{"index":"index","follow":"follow","max-snippet":"max-snippet:-1","max-image-preview":"max-image-preview:large","max-video-preview":"max-video-preview:-1"},"canonical":"https:\/\/lancieuxtourisme.fr\/fr\/mentions-legales\/","og_locale":"fr_FR","og_type":"article","og_title":"Mentions l\u00e9gales - Lancieux Tourisme","og_description":"Mentions l\u00e9gales \u00c9diteur du site Le site lancieuxtourisme.fr est \u00e9dit\u00e9 par Lancieux Tourisme.Adresse : Lancieux, 22770, C\u00f4tes-d&rsquo;Armor, FranceEmail : contact@lancieuxtourisme.fr H\u00e9bergement Le site est h\u00e9berg\u00e9 par la soci\u00e9t\u00e9 en charge de l&rsquo;h\u00e9bergement web du site lancieuxtourisme.fr. Propri\u00e9t\u00e9 intellectuelle L&rsquo;ensemble du contenu de ce site (textes, images, vid\u00e9os, logos, ic\u00f4nes, sons, logiciels, etc.) est prot\u00e9g\u00e9 par [&hellip;]","og_url":"https:\/\/lancieuxtourisme.fr\/fr\/mentions-legales\/","og_site_name":"Lancieux Tourisme","twitter_card":"summary_large_image","twitter_misc":{"Dur\u00e9e de lecture estim\u00e9e":"1 minute"},"schema":{"@context":"https:\/\/schema.org","@graph":[{"@type":"WebPage","@id":"https:\/\/lancieuxtourisme.fr\/mentions-legales\/","url":"https:\/\/lancieuxtourisme.fr\/mentions-legales\/","name":"Mentions l\u00e9gales - Lancieux Tourisme","isPartOf":{"@id":"https:\/\/lancieuxtourisme.fr\/fr\/#website"},"datePublished":"2026-02-10T13:27:40+00:00","breadcrumb":{"@id":"https:\/\/lancieuxtourisme.fr\/mentions-legales\/#breadcrumb"},"inLanguage":"fr-FR","potentialAction":[{"@type":"ReadAction","target":["https:\/\/lancieuxtourisme.fr\/mentions-legales\/"]}]},{"@type":"BreadcrumbList","@id":"https:\/\/lancieuxtourisme.fr\/mentions-legales\/#breadcrumb","itemListElement":[{"@type":"ListItem","position":1,"name":"Accueil","item":"https:\/\/lancieuxtourisme.fr\/fr\/"},{"@type":"ListItem","position":2,"name":"Mentions l\u00e9gales"}]},{"@type":"WebSite","@id":"https:\/\/lancieuxtourisme.fr\/fr\/#website","url":"https:\/\/lancieuxtourisme.fr\/fr\/","name":"Lancieux Tourisme","description":"Votre guide touristique de la C\u00f4te d&#039;\u00c9meraude","potentialAction":[{"@type":"SearchAction","target":{"@type":"EntryPoint","urlTemplate":"https:\/\/lancieuxtourisme.fr\/fr\/?s={search_term_string}"},"query-input":{"@type":"PropertyValueSpecification","valueRequired":true,"valueName":"search_term_string"}}],"inLanguage":"fr-FR"}]}},"_links":{"self":[{"href":"https:\/\/lancieuxtourisme.fr\/fr\/wp-json\/wp\/v2\/pages\/3602","targetHints":{"allow":["GET"]}}],"collection":[{"href":"https:\/\/lancieuxtourisme.fr\/fr\/wp-json\/wp\/v2\/pages"}],"about":[{"href":"https:\/\/lancieuxtourisme.fr\/fr\/wp-json\/wp\/v2\/types\/page"}],"author":[{"embeddable":true,"href":"https:\/\/lancieuxtourisme.fr\/fr\/wp-json\/wp\/v2\/users\/1"}],"replies":[{"embeddable":true,"href":"https:\/\/lancieuxtourisme.fr\/fr\/wp-json\/wp\/v2\/comments?post=3602"}],"version-history":[{"count":0,"href":"https:\/\/lancieuxtourisme.fr\/fr\/wp-json\/wp\/v2\/pages\/3602\/revisions"}],"wp:attachment":[{"href":"https:\/\/lancieuxtourisme.fr\/fr\/wp-json\/wp\/v2\/media?parent=3602"}],"curies":[{"name":"wp","href":"https:\/\/api.w.org\/{rel}","templated":true}]}}